{"id":26187,"date":"2024-05-16T19:36:45","date_gmt":"2024-05-16T17:36:45","guid":{"rendered":"https:\/\/www.icscyl.com\/mileon\/?page_id=26187"},"modified":"2024-05-16T19:36:45","modified_gmt":"2024-05-16T17:36:45","slug":"ponencias-del-congreso","status":"publish","type":"page","link":"https:\/\/www.icscyl.com\/mileon\/ponencias-del-congreso\/","title":{"rendered":"Ponencias del congreso"},"content":{"rendered":"<div class=\"wp-block-image\">\n<figure class=\"alignright size-full is-resized\"><img loading=\"lazy\" decoding=\"async\" width=\"504\" height=\"168\" src=\"https:\/\/www.icscyl.com\/mileon\/wp-content\/uploads\/2024\/05\/cropped-Captura-de-pantalla-2021-10-20-a-las-15.02.45.png\" alt=\"\" class=\"wp-image-26216\" style=\"width:239px;height:auto\" srcset=\"https:\/\/www.icscyl.com\/mileon\/wp-content\/uploads\/2024\/05\/cropped-Captura-de-pantalla-2021-10-20-a-las-15.02.45.png 504w, https:\/\/www.icscyl.com\/mileon\/wp-content\/uploads\/2024\/05\/cropped-Captura-de-pantalla-2021-10-20-a-las-15.02.45-300x100.png 300w\" sizes=\"auto, (max-width: 504px) 100vw, 504px\" \/><\/figure>\n<\/div>\n\n\n<p>Durante el congreso se presentaron seis mesas que trataron sobre patolog\u00edas de frecuente manejo dentro de nuestra especialidad. A continuaci\u00f3n pod\u00e9is consultar cada mesa y las ponencias disponibles en formato PDF:<\/p>\n\n\n\n<p>Mesa 1. Actualizaci\u00f3n en EPOC e insuficiencia cardiaca<\/p>\n\n\n\n<div class=\"wp-block-file\"><a id=\"wp-block-file--media-22827995-818f-4096-95d9-892393b04452\" href=\"https:\/\/www.icscyl.com\/mileon\/wp-content\/uploads\/2024\/05\/Mesa-1-Dr-Muela.pdf\">Actualizaci\u00f3n gu\u00edas GOLD. \u00bfCu\u00e1ndo utilizar doble o triple broncodilatadora?. Dr. Alberto Muela Molinero<\/a><\/div>\n\n\n\n<div class=\"wp-block-file\"><a id=\"wp-block-file--media-d45124c0-89b7-4748-86d1-76002839db97\" href=\"https:\/\/www.icscyl.com\/mileon\/wp-content\/uploads\/2024\/05\/Mesa-1-Dr-Fernandez.pdf\">Insuficiencia cardiaca, lo que debes saber. Dr. Jos\u00e9 Mar\u00eda Fern\u00e1ndez<\/a><\/div>\n\n\n\n<p><\/p>\n\n\n\n<p>Mesa 2. Sarcopenia y ejercicio<\/p>\n\n\n\n<div class=\"wp-block-file\"><a id=\"wp-block-file--media-7c9a3f91-459c-436f-8f30-eaeaaddf191f\" href=\"https:\/\/www.icscyl.com\/mileon\/wp-content\/uploads\/2024\/05\/Mesa-2-Dr-Isidro.pdf\">Prescripci\u00f3n de ejercicio adaptado en las patolog\u00edas m\u00e1s prevalentes en Medicina Interna. D. Felipe Isidro<\/a><\/div>\n\n\n\n<div class=\"wp-block-file\"><a id=\"wp-block-file--media-86bf6176-bfa9-4ea7-9004-c5857d42a6a4\" href=\"https:\/\/www.icscyl.com\/mileon\/wp-content\/uploads\/2024\/05\/Mesa-2-Dra-Molinero.pdf\">Sarcopenia y obesidad sarcop\u00e9nica en Medicina Interna. Dra. Sheila Molinero Abad<\/a><\/div>\n\n\n\n<p><\/p>\n\n\n\n<p>Mesa 3. Alternativas a la hospitalizaci\u00f3n convencional<\/p>\n\n\n\n<div class=\"wp-block-file\"><a id=\"wp-block-file--media-f041c5f8-d4a9-4454-97a2-57c6665a6ec2\" href=\"https:\/\/www.icscyl.com\/mileon\/wp-content\/uploads\/2024\/05\/Mesa-3-Dr-Moran.pdf\">Situaci\u00f3n actual de las Unidades de Continuidad Asistencial. Dr. Alberto Mor\u00e1n Blanco<\/a><\/div>\n\n\n\n<div class=\"wp-block-file\"><a id=\"wp-block-file--media-5bed7d51-60ad-4e84-b386-7da92daef565\" href=\"https:\/\/www.icscyl.com\/mileon\/wp-content\/uploads\/2024\/05\/Mesa-3-Dra-Ruiz-Castellano.pdf\">Hospitalizaci\u00f3n a domicilio en Navarra: experiencia de creaci\u00f3n y crecimiento. Dra. Mar\u00eda Ruiz Castellano<\/a><\/div>\n\n\n\n<p><\/p>\n\n\n\n<p>Mesa 4. Enfermedad tromboemb\u00f3lica<\/p>\n\n\n\n<div class=\"wp-block-file\"><a id=\"wp-block-file--media-7a81627d-23dc-4ff9-a4a4-92a315bd9611\" href=\"https:\/\/www.icscyl.com\/mileon\/wp-content\/uploads\/2024\/05\/Mesa-4-Dr-Martin.pdf\">La enfermedad tromboemb\u00f3lica desde la mirada del internista. Dr. Miguel Mart\u00edn Asenjo<\/a><\/div>\n\n\n\n<p><\/p>\n\n\n\n<p>Mesa 5. Actualizaci\u00f3n en enfermedades infecciosas<\/p>\n\n\n\n<div class=\"wp-block-file\"><a id=\"wp-block-file--media-ec4f07b8-f44d-413f-a903-47125093cd11\" href=\"https:\/\/www.icscyl.com\/mileon\/wp-content\/uploads\/2024\/05\/Mesa-5-Dra-Navarro.pdf\">Actualizaci\u00f3n en infecci\u00f3n por VIH. Dra. Carolina Navarro San Francisco<\/a><\/div>\n\n\n\n<div class=\"wp-block-file\"><a id=\"wp-block-file--media-d1122de2-6480-47bb-8e94-16a8ad267b0a\" href=\"https:\/\/www.icscyl.com\/mileon\/wp-content\/uploads\/2024\/05\/Mesa-5-Dra-Sampedro.pdf\">Tratamiento de la infecci\u00f3n prot\u00e9sica osteoarticular. Dra. Marta Fern\u00e1ndez Sampedro<\/a><\/div>\n\n\n\n<p><\/p>\n\n\n\n<p>Mesa 6. Actualizaci\u00f3n en enfermedades autoinmunes<\/p>\n\n\n\n<div class=\"wp-block-file\"><a id=\"wp-block-file--media-727128b5-00ae-4c95-94eb-a49b4f95d49a\" href=\"https:\/\/www.icscyl.com\/mileon\/wp-content\/uploads\/2024\/05\/Mesa-6-Dr-Corral.pdf\">Cribado y profilaxis en pacientes con enfermedades autoinmunes. Dr. Luis Corral Gudino<\/a><\/div>\n\n\n\n<div class=\"wp-block-file\"><a id=\"wp-block-file--media-cceca841-bc5b-4c32-b879-1b758ab9ccbe\" href=\"https:\/\/www.icscyl.com\/mileon\/wp-content\/uploads\/2024\/05\/Mesa-6-Dr-Chamorro.pdf\">Vasculitis ANCA. Dr. Antonio Chamorro Fern\u00e1ndez<\/a><\/div>\n","protected":false},"excerpt":{"rendered":"<p>Durante el congreso se presentaron seis mesas que trataron sobre patolog\u00edas de frecuente manejo dentro de nuestra especialidad. A continuaci\u00f3n pod\u00e9is consultar cada mesa y las ponencias disponibles en formato PDF: Mesa 1. Actualizaci\u00f3n en EPOC e insuficiencia cardiaca Mesa 2. Sarcopenia y ejercicio Mesa 3. Alternativas a la hospitalizaci\u00f3n convencional Mesa 4. Enfermedad tromboemb\u00f3lica [&hellip;]<\/p>\n","protected":false},"author":4,"featured_media":0,"parent":0,"menu_order":0,"comment_status":"closed","ping_status":"closed","template":"","meta":{"jetpack_post_was_ever_published":false,"footnotes":""},"class_list":["post-26187","page","type-page","status-publish","hentry"],"jetpack_sharing_enabled":true,"post_mailing_queue_ids":[],"_links":{"self":[{"href":"https:\/\/www.icscyl.com\/mileon\/wp-json\/wp\/v2\/pages\/26187","targetHints":{"allow":["GET"]}}],"collection":[{"href":"https:\/\/www.icscyl.com\/mileon\/wp-json\/wp\/v2\/pages"}],"about":[{"href":"https:\/\/www.icscyl.com\/mileon\/wp-json\/wp\/v2\/types\/page"}],"author":[{"embeddable":true,"href":"https:\/\/www.icscyl.com\/mileon\/wp-json\/wp\/v2\/users\/4"}],"replies":[{"embeddable":true,"href":"https:\/\/www.icscyl.com\/mileon\/wp-json\/wp\/v2\/comments?post=26187"}],"version-history":[{"count":4,"href":"https:\/\/www.icscyl.com\/mileon\/wp-json\/wp\/v2\/pages\/26187\/revisions"}],"predecessor-version":[{"id":26217,"href":"https:\/\/www.icscyl.com\/mileon\/wp-json\/wp\/v2\/pages\/26187\/revisions\/26217"}],"wp:attachment":[{"href":"https:\/\/www.icscyl.com\/mileon\/wp-json\/wp\/v2\/media?parent=26187"}],"curies":[{"name":"wp","href":"https:\/\/api.w.org\/{rel}","templated":true}]}}