{"id":25960,"date":"2023-12-13T22:21:51","date_gmt":"2023-12-13T21:21:51","guid":{"rendered":"https:\/\/www.icscyl.com\/mileon\/?page_id=25960"},"modified":"2023-12-13T22:21:53","modified_gmt":"2023-12-13T21:21:53","slug":"comunicaciones-orales","status":"publish","type":"page","link":"https:\/\/www.icscyl.com\/mileon\/comunicaciones-orales\/","title":{"rendered":"Comunicaciones orales"},"content":{"rendered":"\n<p>En esta p\u00e1gina se muestran las comunicaciones presentadas que se seleccionaron para presentaci\u00f3n oral y por tanto candidatas a alguno de los premios del Congreso:<\/p>\n\n\n\n<div class=\"wp-block-file\"><a id=\"wp-block-file--media-a615322d-3d1b-47ab-9827-9a5fceb4208f\" href=\"https:\/\/www.icscyl.com\/mileon\/wp-content\/uploads\/2023\/12\/Bacteriemias-por-S-aureus-en-el-hospital-comparativa-SAMS-frente-a-SAMR-1.pdf\">PRIMER PREMIO COMUNICACI\u00d3N ORAL<br>Bacteriemias por Staphylococcus aureus en el a\u00f1o 2020 en el Complejo Asistencial Universitario de Le\u00f3n. Comparaci\u00f3n de S aureus sensible a meticilina frente a S aureus resistente. Dra. Egea Hita (Complejo Asistencial Universitario de Le\u00f3n)<\/a><\/div>\n\n\n\n<div class=\"wp-block-file\"><a id=\"wp-block-file--media-81cda06c-ceec-433b-8ece-914c1032b458\" href=\"https:\/\/www.icscyl.com\/mileon\/wp-content\/uploads\/2023\/12\/Ecografia-cardiaca-a-todos-o-a-ninguno-1.pdf\">SEGUNDO PREMIO COMUNICACI\u00d3N ORAL<br>Ecograf\u00eda cardiaca, \u00bfa todos o a ninguno?. Dra. Crespo Rubio (Complejo Asistencial Universitario de Le\u00f3n)<\/a><\/div>\n\n\n\n<div class=\"wp-block-file\"><a id=\"wp-block-file--media-b7ddf793-ee66-4e87-9566-5d2081fe9603\" href=\"https:\/\/www.icscyl.com\/mileon\/wp-content\/uploads\/2023\/12\/Patologia-autoinmune-y-neoplasias-1.pdf\">La patolog\u00eda autoinmune como factor de riesgo para el desarrollo de neoplasias. Dra. Garc\u00eda de Vicu\u00f1a Oyaga (Hospital Cl\u00ednico Universitario de Valladolid)<\/a><\/div>\n\n\n\n<div class=\"wp-block-file\"><a id=\"wp-block-file--media-663332cd-3c11-48eb-8360-a71e7efef9aa\" href=\"https:\/\/www.icscyl.com\/mileon\/wp-content\/uploads\/2023\/12\/Hiperaldosteronismo-primario-1.pdf\">Correlaci\u00f3n entre las pruebas de imagen y el diagn\u00f3stico definitivo de hiperaldosteronismo primario. Dr. Lorente Larra\u00f1eta (Complejo Asistencial Universitario de Le\u00f3n)<\/a><\/div>\n\n\n\n<div class=\"wp-block-file\"><a id=\"wp-block-file--media-f29eac2e-f446-4174-a86c-bfecb508b14e\" href=\"https:\/\/www.icscyl.com\/mileon\/wp-content\/uploads\/2023\/12\/Relacion-ETEV-y-neoplasias-1.pdf\">Relaci\u00f3n entre enfermedad tromboemb\u00f3lica pulmonar y neoplasias. Dra. Novoa Fern\u00e1ndez (Hospital Cl\u00ednico Universitario de Valladolid)<\/a><\/div>\n\n\n\n<div class=\"wp-block-file\"><a id=\"wp-block-file--media-c13fbdd3-ac49-4c1a-a115-56b9431607af\" href=\"https:\/\/www.icscyl.com\/mileon\/wp-content\/uploads\/2023\/12\/Retraso-y-adecuacion-del-tratamiento-en-la-bacteriemia-por-S-pyogenes-1.pdf\">Retraso y adeucaci\u00f3n en el tratamiento de pacientes con bacteriemia por S pyogenes. Dra. Romero Calvo (Complejo Asistencial Universitario de Le\u00f3n)<\/a><\/div>\n","protected":false},"excerpt":{"rendered":"<p>En esta p\u00e1gina se muestran las comunicaciones presentadas que se seleccionaron para presentaci\u00f3n oral y por tanto candidatas a alguno de los premios del Congreso:<\/p>\n","protected":false},"author":4,"featured_media":0,"parent":0,"menu_order":0,"comment_status":"closed","ping_status":"closed","template":"","meta":{"jetpack_post_was_ever_published":false,"footnotes":""},"class_list":["post-25960","page","type-page","status-publish","hentry"],"jetpack_sharing_enabled":true,"post_mailing_queue_ids":[],"_links":{"self":[{"href":"https:\/\/www.icscyl.com\/mileon\/wp-json\/wp\/v2\/pages\/25960","targetHints":{"allow":["GET"]}}],"collection":[{"href":"https:\/\/www.icscyl.com\/mileon\/wp-json\/wp\/v2\/pages"}],"about":[{"href":"https:\/\/www.icscyl.com\/mileon\/wp-json\/wp\/v2\/types\/page"}],"author":[{"embeddable":true,"href":"https:\/\/www.icscyl.com\/mileon\/wp-json\/wp\/v2\/users\/4"}],"replies":[{"embeddable":true,"href":"https:\/\/www.icscyl.com\/mileon\/wp-json\/wp\/v2\/comments?post=25960"}],"version-history":[{"count":0,"href":"https:\/\/www.icscyl.com\/mileon\/wp-json\/wp\/v2\/pages\/25960\/revisions"}],"wp:attachment":[{"href":"https:\/\/www.icscyl.com\/mileon\/wp-json\/wp\/v2\/media?parent=25960"}],"curies":[{"name":"wp","href":"https:\/\/api.w.org\/{rel}","templated":true}]}}