{"id":25890,"date":"2023-12-04T20:00:40","date_gmt":"2023-12-04T19:00:40","guid":{"rendered":"https:\/\/www.icscyl.com\/mileon\/?page_id=25890"},"modified":"2023-12-13T22:23:04","modified_gmt":"2023-12-13T21:23:04","slug":"comunicaciones-poster-presentadas","status":"publish","type":"page","link":"https:\/\/www.icscyl.com\/mileon\/comunicaciones-poster-presentadas\/","title":{"rendered":"Comunicaciones poster"},"content":{"rendered":"\n<p>A continuaci\u00f3n se muestran los p\u00f3ster presentados durante el 37\u00ba Congreso SOCALMI (t\u00edtulo y primer autor). Pulsando en cada p\u00f3ster se accede directamente a la presentaci\u00f3n en formato PDF.<\/p>\n\n\n\n<div class=\"wp-block-file\"><a id=\"wp-block-file--media-249d0035-08fd-47e0-bf5f-3cbf34d06a10\" href=\"https:\/\/www.icscyl.com\/mileon\/wp-content\/uploads\/2023\/12\/Actitud-respecto-al-manejo-de-la-anemia-en-pacientes-ingresados-en-medicina-interna.pdf\">Actitud respecto al manejo de la anemia en pacientes ingresados en Medicina Interna. Dra. Calvo Rubio (Complejo Asistencial Universitario de Le\u00f3n)<\/a><\/div>\n\n\n\n<div class=\"wp-block-file\"><a id=\"wp-block-file--media-4153f1e3-1c5a-47ad-a362-1f62f00c96d2\" href=\"https:\/\/www.icscyl.com\/mileon\/wp-content\/uploads\/2023\/12\/Adecuacion-en-la-tromboprofilaxis-en-medicina-interna.pdf\">Adecuacion de la tromboprofilaxis en un servicio de Medicina Interna. Dra. Soria Alcaide (Complejo Asistencial Universitario de Le\u00f3n)<\/a><\/div>\n\n\n\n<div class=\"wp-block-file\"><a id=\"wp-block-file--media-83c353d6-93e6-45a0-9643-4d9257d6076c\" href=\"https:\/\/www.icscyl.com\/mileon\/wp-content\/uploads\/2023\/12\/Analisis-de-una-cohorte-de-pacientes-con-bacteriemia-por-Streptococcus-gallolyticus-en-vida-real-incidencia-de-endocarditis-y-neoplasias.pdf\">Analisis de una cohorte de pacientes con bacteriemia por Streptococcus gallolyticus en vida real: incidencia de endocarditis y neoplasias. Dra. Su\u00e1rez Garc\u00eda (Complejo Asistencial Universitario de Le\u00f3n)<\/a><\/div>\n\n\n\n<div class=\"wp-block-file\"><a id=\"wp-block-file--media-dc8eb1c6-9ca7-45d2-8e80-d643027527bf\" href=\"https:\/\/www.icscyl.com\/mileon\/wp-content\/uploads\/2023\/12\/Arteritis-de-Celulas-Gigantes-revision-de-casos.pdf\">Arteritis de c\u00e9lulas gigantes: una revision de casos. Dra. Su\u00e1rez Garc\u00eda (Complejo Asistencial Universitario de Le\u00f3n)<\/a><\/div>\n\n\n\n<div class=\"wp-block-file\"><a id=\"wp-block-file--media-f780fa3d-abc8-4f49-94ea-2c6f4bd1863d\" href=\"https:\/\/www.icscyl.com\/mileon\/wp-content\/uploads\/2023\/12\/Aspectos-epidemiologicos-y-microbiologicos-de-la-bacteriemia-en-planta-de-medicina-interna-en-un-hospital-de-segundo-nivel.pdf\">Aspectos epidemiol\u00f3gicos y microbiol\u00f3gicos de la bacteriemia en planta de medicina interna en un hospital de segundo nivel. Dra. Lorenzo Andr\u00e9s (Complejo Hospitalario de Soria)<\/a><\/div>\n\n\n\n<div class=\"wp-block-file\"><a id=\"wp-block-file--media-aa7e1006-6a47-4edc-93d9-a0ce81381813\" href=\"https:\/\/www.icscyl.com\/mileon\/wp-content\/uploads\/2023\/12\/Bacteriemias-detectadas-en-el-Hospital-Santos-Reyes-y-asesoramiento-PROA-en-2022.pdf\">Bacteriemias detectadas en el Hospital Santos Reyes. Asesoramiento PROA y datos epidemiol\u00f3gicos y de supervivencia. Dr. Hernando Mart\u00edn (Hospital Santos Reyes)<\/a><\/div>\n\n\n\n<div class=\"wp-block-file\"><a id=\"wp-block-file--media-640382e5-3f63-4829-8789-fe42abff4872\" href=\"https:\/\/www.icscyl.com\/mileon\/wp-content\/uploads\/2023\/12\/Bacteriemias-detectadas-en-Urgencias-en-el-Hospital-Santos-Reyes.pdf\">Bacteriemias detectadas en el Servicio de Urgencias del Hospital Santos Reyes en 2022. Datos epidemiol\u00f3gicos y de supervivencia. Dr. Hernando Mart\u00edn (Hospital Santos Reyes)<\/a><\/div>\n\n\n\n<div class=\"wp-block-file\"><a id=\"wp-block-file--media-4f05248f-f138-433f-8ed4-f9223782cd6b\" href=\"https:\/\/www.icscyl.com\/mileon\/wp-content\/uploads\/2023\/12\/Depresion-y-mortalidad-en-pacientes-pluripatologicos.pdf\">Depresion y mortalidad en pacientes pluripatologicos. Dra. Carracedo Falag\u00e1n (Complejo Asistencial Universitario de Le\u00f3n)<\/a><\/div>\n\n\n\n<div class=\"wp-block-file\"><a id=\"wp-block-file--media-54a5f128-d722-4a91-a942-95d8f52dfd24\" href=\"https:\/\/www.icscyl.com\/mileon\/wp-content\/uploads\/2023\/12\/Desde-donde-se-derivan-pluripatologicos-a-la-UCA.pdf\">\u00bfDesde d\u00f3nde se derivan loa pacientes con pluripatolog\u00eda compleja a a la Unidad de Continuidad Asistencial de Le\u00f3n?. Dra. Magaz Garc\u00eda (Complejo Asistencial Universitario de Le\u00f3n)<\/a><\/div>\n\n\n\n<div class=\"wp-block-file\"><a id=\"wp-block-file--media-6c46dfcf-d32d-4df2-9a58-b7ab04da170e\" href=\"https:\/\/www.icscyl.com\/mileon\/wp-content\/uploads\/2023\/12\/Dos-casos-de-SAF-catastrofico.pdf\">Dos casos de s\u00edndrome antifosfol\u00edpido (SAF) catastrofico. Dra. G\u00f3mez Garc\u00eda (Hospital Cl\u00ednico Universitario de Valladolid)<\/a><\/div>\n\n\n\n<div class=\"wp-block-file\"><a id=\"wp-block-file--media-3091f0a3-f95d-490d-bf71-b2db1de0540f\" href=\"https:\/\/www.icscyl.com\/mileon\/wp-content\/uploads\/2023\/12\/Enfermedad-de-Madelung.pdf\">Los hombres forzudos. A prop\u00f3sito de tres casos de enfermedad de Madelung. Dra. Su\u00e1rez Garc\u00eda (Complejo Asistencial Universitario de Le\u00f3n)<\/a><\/div>\n\n\n\n<div class=\"wp-block-file\"><a id=\"wp-block-file--media-a0c64930-5a2b-4a93-837b-079a3c5b061b\" href=\"https:\/\/www.icscyl.com\/mileon\/wp-content\/uploads\/2023\/12\/Enfermedad-por-aranazo-de-gato.pdf\">Enfermedad por ara\u00f1azo de gato como causa de adenopat\u00edas: revisi\u00f3n de doce pacientes. Dra. Romero Calvo (Complejo Asistencial Universitario de Le\u00f3n).<\/a><\/div>\n\n\n\n<div class=\"wp-block-file\"><a id=\"wp-block-file--media-222a1ff6-d1b0-4b62-829d-f600a6effacd\" href=\"https:\/\/www.icscyl.com\/mileon\/wp-content\/uploads\/2023\/12\/Epidemiologia-abscesos-hepaticos.pdf\">Epidemiologia, caracter\u00edsticas macrosc\u00f3picas y pron\u00f3stico de abscesos hep\u00e1ticos en un hospital espa\u00f1ol: doce a\u00f1os de investigaci\u00f3n. Dra. S\u00e1nchez del Hoyo (Complejo Asistencial Universitario de Palencia)<\/a><\/div>\n\n\n\n<div class=\"wp-block-file\"><a id=\"wp-block-file--media-9eed6f96-46b8-45c4-ac0d-c4d903e7c1aa\" href=\"https:\/\/www.icscyl.com\/mileon\/wp-content\/uploads\/2023\/12\/Epidemiologia-de-las-fracturas-de-cadera-en-el-ano-2022.pdf\">Epidemiologia de las fracturas de cadera en el a\u00f1o 2022. Dr. Hernando Mart\u00edn (Hospital Santos Reyes)<\/a><\/div>\n\n\n\n<div class=\"wp-block-file\"><a id=\"wp-block-file--media-9cce9bd3-88f5-4a66-a6c4-69f221e18735\" href=\"https:\/\/www.icscyl.com\/mileon\/wp-content\/uploads\/2023\/12\/Epidemiologia-y-caracteristicas-de-las-bacteriemias-por-S-piogenes.pdf\">Epidemiolog\u00eda y caracter\u00edsticas de las bacteriemias por S pyogenes: an\u00e1lisis de una d\u00e9cada en un hospital general. Dra. Romero Calvo (Complejo Asistencial Universitario de Le\u00f3n)<\/a><\/div>\n\n\n\n<div class=\"wp-block-file\"><a id=\"wp-block-file--media-c70d053e-0a06-4675-a771-19f55f60369e\" href=\"https:\/\/www.icscyl.com\/mileon\/wp-content\/uploads\/2023\/12\/Eritema-nodoso-en-la-UDR.pdf\">Eritema nodoso en la Unidade Diagn\u00f3stico R\u00e1pido: serie de casos. Dr. Ortiz de Urbina Fern\u00e1ndez (Complejo Asistencial Universitario de Le\u00f3n)<\/a><\/div>\n\n\n\n<div class=\"wp-block-file\"><a id=\"wp-block-file--media-50b84307-cf0c-4d03-9bc8-6249e4de4cbc\" href=\"https:\/\/www.icscyl.com\/mileon\/wp-content\/uploads\/2023\/12\/Estudio-descriptivo-de-oclusion-venosa-retiniana.pdf\">Oclusi\u00f3n venosa retiniana: estudio descriptivo. Dr. Rodr\u00edguez Iglesias (Hospital Cl\u00ednico Universitario de Valladolid)<\/a><\/div>\n\n\n\n<div class=\"wp-block-file\"><a id=\"wp-block-file--media-596bb02b-026e-4feb-b8bf-6b81a7174b00\" href=\"https:\/\/www.icscyl.com\/mileon\/wp-content\/uploads\/2023\/12\/Granulomatosis-con-poliangeitis-serie-descriptiva.pdf\">Granulomatosis eosinof\u00edlica con poliangeitis (s\u00edndrome de Churg-Strauss). Estudio descriptivo de una serie de casos. Dra. Gom\u00e9z Garc\u00eda (Hospital Cl\u00ednico Universitario de Valladolid)<\/a><\/div>\n\n\n\n<div class=\"wp-block-file\"><a id=\"wp-block-file--media-b01dbed0-969d-469a-8b1f-54db0f05b80e\" href=\"https:\/\/www.icscyl.com\/mileon\/wp-content\/uploads\/2023\/12\/IC-no-presenciales-a-MI-en-el-ano-2022.pdf\">Interconsultas no presenciales a Medicina Interna en el a\u00f1o 2022. Dr. Hernando Mart\u00edn (Hospital Santos Reyes)<\/a><\/div>\n\n\n\n<div class=\"wp-block-file\"><a id=\"wp-block-file--media-b4f583d4-f8f2-4c30-8ced-ce873d84d942\" href=\"https:\/\/www.icscyl.com\/mileon\/wp-content\/uploads\/2023\/12\/Importancia-de-la-estimacion-del-RCV-en-pacientes-de-alto-riesgo.pdf\">Importancia de la estimaci\u00f3n del riesgo cardiovascular en pacientes de riesgo: aplicaci\u00f3n de las nuevas gu\u00edas de riesgo cardiovascular en pacientes con y sin enfermedad cardiovascular establecida. Dra. Romero Calvo (Complejo Asistencial Universitario de Le\u00f3n)<\/a><\/div>\n\n\n\n<div class=\"wp-block-file\"><a id=\"wp-block-file--media-c3d4baec-583d-4d1e-b849-f5958b071912\" href=\"https:\/\/www.icscyl.com\/mileon\/wp-content\/uploads\/2023\/12\/La-anemia-en-ERC-en-las-plantas-de-hospitalizacion-de-Medicina-Interna.pdf\">La anemia en enfermedad renal cr\u00f3nica (ERC) en las plantas de hospitalizaci\u00f3n de Medicina Interna. Dra. Calvo Rubio (Complejo Asistencial Universitario de Le\u00f3n)<\/a><\/div>\n\n\n\n<div class=\"wp-block-file\"><a id=\"wp-block-file--media-9d995281-98c6-48ee-b62d-3ae8b125f7e4\" href=\"https:\/\/www.icscyl.com\/mileon\/wp-content\/uploads\/2023\/12\/Manejo-farmacologico-de-la-EPOC.pdf\">Manejo farmacol\u00f3gico de la EPOC en Medicina Interna. Dra. Ramiro Mart\u00edn (Complejo Asistencial Universitario de Salamanca)<\/a><\/div>\n\n\n\n<div class=\"wp-block-file\"><a id=\"wp-block-file--media-0c845bb8-8eec-41bf-864d-01ddaafb8a60\" href=\"https:\/\/www.icscyl.com\/mileon\/wp-content\/uploads\/2023\/12\/Microbiologia-de-abscesos-hepaticos.pdf\">Microbiolog\u00eda de abscesos hep\u00e1ticos en un hospital espa\u00f1ol: doce a\u00f1os de estudio. Dra. S\u00e1nchez del Hoyo (Complejo Asistencial Universitario de Palencia)<\/a><\/div>\n\n\n\n<div class=\"wp-block-file\"><a id=\"wp-block-file--media-0abaa8d8-1645-4cf1-b25b-674227f21c3b\" href=\"https:\/\/www.icscyl.com\/mileon\/wp-content\/uploads\/2023\/12\/Papel-del-internista-en-las-fracturas-de-cadera.pdf\">Papel del internista en las fracturas de cadera. Dr. Hernando Mart\u00edn (Hospital Santos Reyes)<\/a><\/div>\n\n\n\n<div class=\"wp-block-file\"><a id=\"wp-block-file--media-0c9485a5-2f91-4db1-b355-0ab51327ca93\" href=\"https:\/\/www.icscyl.com\/mileon\/wp-content\/uploads\/2023\/12\/Pluripatologia-en-pacientes-nonagenarios-del-area-sanitaria-de-Leon.pdf\">Pluripatolog\u00eda en pacientes nonagenarios en el \u00c1rea Sanitaria de Le\u00f3n. Dra. Carracedo Falag\u00e1n (Complejo Asistencial Universitario de Le\u00f3n)<\/a><\/div>\n\n\n\n<div class=\"wp-block-file\"><a id=\"wp-block-file--media-c1bcd7fc-eeaa-4059-9a50-8546e4ec3b4f\" href=\"https:\/\/www.icscyl.com\/mileon\/wp-content\/uploads\/2023\/12\/Predictores-de-mortalidad-abscesos-hepaticos.pdf\">Predictores de mortalidad en pacientes diagnosticados de absceso hep\u00e1tico en un hospital espa\u00f1ol: doce a\u00f1os de investigaci\u00f3n. Dra. S\u00e1nchez del Hoyo (Complejo Asistencial Universitario de Palencia)<\/a><\/div>\n\n\n\n<div class=\"wp-block-file\"><a id=\"wp-block-file--media-204d7d28-0ec5-484c-9410-974ed7333e99\" href=\"https:\/\/www.icscyl.com\/mileon\/wp-content\/uploads\/2023\/12\/Prevalencia-de-anticoagulacion-en-pacientes-con-anemia.pdf\">Prevalencia de anticoagulaci\u00f3n y antiagregaci\u00f3n en pacientes que ingresan por anemia. Dra. Calvo Rubio (Complejo Asistencial Universitario de Le\u00f3n)<\/a><\/div>\n\n\n\n<div class=\"wp-block-file\"><a id=\"wp-block-file--media-8048a5a8-9ab2-4259-88c4-090c8fc1ff12\" href=\"https:\/\/www.icscyl.com\/mileon\/wp-content\/uploads\/2023\/12\/Prevalencia-de-HTA-en-pacientes-pluripatologicos.pdf\">Prevalencia de la hipertensi\u00f3n arterial en pacientes pluripatol\u00f3gicos. Dra. Magaz Garc\u00eda (Complejo Asistencial Universitario de Le\u00f3n)<\/a><\/div>\n\n\n\n<div class=\"wp-block-file\"><a id=\"wp-block-file--media-70d650f0-392f-4440-972f-978364dfe181\" href=\"https:\/\/www.icscyl.com\/mileon\/wp-content\/uploads\/2023\/12\/Prevalencia-de-RCV.pdf\">Prevalencia del riesgo cardiovascular y sus factores asociados en pacientes de riesgo. Dra. Su\u00e1rez Garc\u00eda (Complejo Asistencial Universitario de Le\u00f3n)<\/a><\/div>\n\n\n\n<div class=\"wp-block-file\"><a id=\"wp-block-file--media-9213ab0c-3fd5-47de-8e12-6b1dc07a5f8b\" href=\"https:\/\/www.icscyl.com\/mileon\/wp-content\/uploads\/2023\/12\/Revision-de-pacientes-EPOC-en-Salamanca.pdf\">Revisi\u00f3n de pacientes EPOC en el Hospital de Salamanca en 2022. Dra. Salcedo Mart\u00edn (Complejo Asistencial Universitario de Salamanca)<\/a><\/div>\n\n\n\n<div class=\"wp-block-file\"><a id=\"wp-block-file--media-5f1daa65-9348-4ef7-8121-fb2eaa7e32e2\" href=\"https:\/\/www.icscyl.com\/mileon\/wp-content\/uploads\/2023\/12\/Trombosis-venosas-superiores.pdf\">Estudio de las trombosis venosas de miembros superiores no asociadas a dispositivos intravasculares. Per\u00edodo 2012-2022. Dra. Vera Bernal (Complejo Asistencial Universitario de \u00c1vila)<\/a><\/div>\n\n\n\n<div class=\"wp-block-file\"><a id=\"wp-block-file--media-09bc3a6a-79fd-4aa1-b932-09cae6f9f52f\" href=\"https:\/\/www.icscyl.com\/mileon\/wp-content\/uploads\/2023\/12\/Un-nuevo-SGLT-para-combatir-el-RCV.pdf\">\u00bfUn nuevo iSGLT2 para combatir el riesgo cardiovascular? Dra. Fern\u00e1ndez Crespo (Hospital del Bierzo)<\/a><\/div>\n\n\n\n<div class=\"wp-block-file\"><a id=\"wp-block-file--media-d282ab4a-96d0-43c3-84db-23f23349562d\" href=\"https:\/\/www.icscyl.com\/mileon\/wp-content\/uploads\/2023\/12\/Sangrados-en-pacientes-con-tratamiento-anticoagulante.pdf\">Sangrados en pacientes con tratamiento anticoagulante. Dra. Rodr\u00edguez Mart\u00edn (Complejo Asistencial Universitario de Le\u00f3n)<\/a><\/div>\n","protected":false},"excerpt":{"rendered":"<p>A continuaci\u00f3n se muestran los p\u00f3ster presentados durante el 37\u00ba Congreso SOCALMI (t\u00edtulo y primer autor). Pulsando en cada p\u00f3ster se accede directamente a la presentaci\u00f3n en formato PDF.<\/p>\n","protected":false},"author":4,"featured_media":0,"parent":0,"menu_order":0,"comment_status":"closed","ping_status":"closed","template":"","meta":{"jetpack_post_was_ever_published":false,"footnotes":""},"class_list":["post-25890","page","type-page","status-publish","hentry"],"jetpack_sharing_enabled":true,"post_mailing_queue_ids":[],"_links":{"self":[{"href":"https:\/\/www.icscyl.com\/mileon\/wp-json\/wp\/v2\/pages\/25890","targetHints":{"allow":["GET"]}}],"collection":[{"href":"https:\/\/www.icscyl.com\/mileon\/wp-json\/wp\/v2\/pages"}],"about":[{"href":"https:\/\/www.icscyl.com\/mileon\/wp-json\/wp\/v2\/types\/page"}],"author":[{"embeddable":true,"href":"https:\/\/www.icscyl.com\/mileon\/wp-json\/wp\/v2\/users\/4"}],"replies":[{"embeddable":true,"href":"https:\/\/www.icscyl.com\/mileon\/wp-json\/wp\/v2\/comments?post=25890"}],"version-history":[{"count":0,"href":"https:\/\/www.icscyl.com\/mileon\/wp-json\/wp\/v2\/pages\/25890\/revisions"}],"wp:attachment":[{"href":"https:\/\/www.icscyl.com\/mileon\/wp-json\/wp\/v2\/media?parent=25890"}],"curies":[{"name":"wp","href":"https:\/\/api.w.org\/{rel}","templated":true}]}}