{"id":254,"date":"2009-09-03T10:57:12","date_gmt":"2009-09-03T08:57:12","guid":{"rendered":"http:\/\/minterna_hospitaldeleon.crearblog.com\/?page_id=2"},"modified":"2025-11-30T13:56:31","modified_gmt":"2025-11-30T12:56:31","slug":"informacion","status":"publish","type":"page","link":"https:\/\/www.icscyl.com\/mileon\/informacion\/","title":{"rendered":"Composici\u00f3n\u00a0del\u00a0Servicio"},"content":{"rendered":"<p style=\"margin: 0 0 10px; padding: 0;\"><strong><em>La composici\u00f3n actual de nuestro Servicio es la siguiente:<\/em><\/strong><\/p>\n<p style=\"margin: 0 0 10px; padding: 0;\"><strong>Jefe de Servicio: Dra. Mar\u00eda Esther Fern\u00e1ndez P\u00e9rez<\/strong><\/p>\n<p style=\"margin: 0 0 10px; padding: 0;\"><strong>Jefes de Secci\u00f3n: Dres.\u00a0<\/strong><strong style=\"font-size: 1rem;\">Alberto Mor\u00e1n Blanco y Dra. Isabel Muinelo Voces<\/strong><\/p>\n<p style=\"margin: 0 0 10px; padding: 0;\"><strong>Hospitalizaci\u00f3n convencional (Virgen Blanca y Monte San Isidro):<\/strong><\/p>\n<ul>\n<li>Dr. Luis Arto Mill\u00e1n<\/li>\n<li>Dr. Javier Balaguer Germ\u00e1n<\/li>\n<li>Dr. Victor Barreales Rodriguez<\/li>\n<li>Dr. Juan Carlos Borrego Gal\u00e1n<\/li>\n<li>Dr. Timoteo C\u00e1mara Gonz\u00e1lez<\/li>\n<li>Dra. Noelia Carracedo Falag\u00e1n<\/li>\n<li>Dra. Ana Casta\u00f1\u00f3n L\u00f3pez<\/li>\n<li>Dra. Mar\u00eda Rosario Garc\u00eda Diez<\/li>\n<li>Dra. Mar\u00eda Cristina Garc\u00eda Mel\u00f3n<\/li>\n<li>Dra. Elena Magaz Garc\u00eda<\/li>\n<li>Dr. Luis Antonio Marcos Mart\u00ednez<\/li>\n<li>Dr. \u00c1ngel Luis Mart\u00ednez Gonz\u00e1lez<\/li>\n<li>Dra. Miriam Li\u00f1\u00e1n Alonso<\/li>\n<li>Dr. Alberto Muela Molinero<\/li>\n<li>Dr. Fernando Herminio Nistal de Paz<\/li>\n<li>Dra. Mar\u00eda Cruz P\u00e9rez Panizo<\/li>\n<li>Dra. Cristina Prada Gonz\u00e1lez<\/li>\n<li>Dra. Alicia Romero Calvo<\/li>\n<li>Dra. Sara Raposo Garc\u00eda<\/li>\n<li>Dra. Raquel Rodr\u00edguez D\u00edez<\/li>\n<li>Dra. Beatriz Vicente Montes<\/li>\n<\/ul>\n<p><strong>Enfermedades Infecciosas \/ PROA:<\/strong><\/p>\n<ul>\n<li>Dra. Paula Dios Diez<\/li>\n<li>Dr. Jos\u00e9 Guerra Laso<\/li>\n<li>Dra. Mar\u00eda Rosario P\u00e9rez Sim\u00f3n<\/li>\n<\/ul>\n<p><strong>Unidad de Diagn\u00f3stico R\u00e1pido (UDR):<\/strong><\/p>\n<ul>\n<li>Dra. Bel\u00e9n Blanco Iglesias<\/li>\n<li>Dr. Jos\u00e9 Antonio Herrera Rubio.<\/li>\n<\/ul>\n<p><strong>Unidad de Corta Estancia (UCE) \/ Unidad de Continuidad Asistencial UCA):<\/strong><\/p>\n<ul>\n<li>Dra. Susana Garc\u00eda Escudero<\/li>\n<li>Dra. Esmeralda Palmier Pel\u00e1ez<\/li>\n<li>Dra. Marta V\u00e1zquez del Campo<\/li>\n<\/ul>\n<p><strong>Hospitalizaci\u00f3n a Domicilio (HADo)<\/strong><\/p>\n<ul>\n<li>Dra. Cristina Consuelo Ferrero Sanz<\/li>\n<li>Dra. Mar\u00eda Ledo Laso<\/li>\n<li>Dr. Cristian Teijo N\u00fa\u00f1ez<\/li>\n<\/ul>\n<p>Nuestro Servicio dispone adem\u00e1s de las siguientes <strong>consultas monogr\u00e1ficas<\/strong>:<\/p>\n<ul>\n<li>HTA y Riesgo Vascular: Dra. Fern\u00e1ndez P\u00e9rez, Dra. Magaz Garc\u00eda, Dr. Muela Molinero, Dra. Muinelo Voces y Dr. Teijo N\u00fa\u00f1ez.<\/li>\n<li>Consulta de Insuficiencia Cardiaca: Dras Carracedo Falag\u00e1n y Rodr\u00edguez Diez.<\/li>\n<\/ul>\n<p>Actualmente nuestro servicio tiene actualmente acreditada docencia para 3 <strong>residentes <\/strong>de la especialidad por a\u00f1o. En la actualidad siguen el per\u00edodo de formaci\u00f3n de la especialidad de Medicina Interna en nuestro centro:<\/p>\n<p>R-5\u00ba a\u00f1o: Lara Victoria Calvo Rubio, Alejandro Cuellar de la Rosa y Marina Pintor Rey<\/p>\n<p>R-4\u00ba a\u00f1o: Carlos Lorente Larra\u00f1eta, Julia Rodr\u00edguez Gonz\u00e1lez y Eva Soria Alcaide<\/p>\n<p>R-3\u00ba a\u00f1o: Paloma G\u00e1ndara Lema, Mar\u00eda P\u00e9rez Certal y Alicia Luc\u00eda Sevilla Sempere<\/p>\n<p>R-2\u00ba a\u00f1o: Sara \u00c1lvarez cueto, David Garc\u00eda Beneitez y Jes\u00fas Ernesto Rodr\u00edguez Garc\u00eda<\/p>\n<p>R-1\u00ba a\u00f1o: Alejandra Gonz\u00e1lez P\u00e9rez, Alba Gonz\u00e1lez Prieto y Paula Uria Mart\u00ednez<\/p>\n","protected":false},"excerpt":{"rendered":"<p>La composici\u00f3n actual de nuestro Servicio es la siguiente: Jefe de Servicio: Dra. Mar\u00eda Esther Fern\u00e1ndez P\u00e9rez Jefes de Secci\u00f3n: Dres.\u00a0Alberto Mor\u00e1n Blanco y Dra. Isabel Muinelo Voces Hospitalizaci\u00f3n convencional (Virgen Blanca y Monte San Isidro): Dr. Luis Arto Mill\u00e1n Dr. Javier Balaguer Germ\u00e1n Dr. Victor Barreales Rodriguez Dr. Juan Carlos Borrego Gal\u00e1n Dr. Timoteo [&hellip;]<\/p>\n","protected":false},"author":4,"featured_media":0,"parent":0,"menu_order":1,"comment_status":"closed","ping_status":"closed","template":"","meta":{"jetpack_post_was_ever_published":false,"footnotes":""},"class_list":["post-254","page","type-page","status-publish","hentry"],"jetpack_sharing_enabled":true,"post_mailing_queue_ids":[],"_links":{"self":[{"href":"https:\/\/www.icscyl.com\/mileon\/wp-json\/wp\/v2\/pages\/254","targetHints":{"allow":["GET"]}}],"collection":[{"href":"https:\/\/www.icscyl.com\/mileon\/wp-json\/wp\/v2\/pages"}],"about":[{"href":"https:\/\/www.icscyl.com\/mileon\/wp-json\/wp\/v2\/types\/page"}],"author":[{"embeddable":true,"href":"https:\/\/www.icscyl.com\/mileon\/wp-json\/wp\/v2\/users\/4"}],"replies":[{"embeddable":true,"href":"https:\/\/www.icscyl.com\/mileon\/wp-json\/wp\/v2\/comments?post=254"}],"version-history":[{"count":8,"href":"https:\/\/www.icscyl.com\/mileon\/wp-json\/wp\/v2\/pages\/254\/revisions"}],"predecessor-version":[{"id":26889,"href":"https:\/\/www.icscyl.com\/mileon\/wp-json\/wp\/v2\/pages\/254\/revisions\/26889"}],"wp:attachment":[{"href":"https:\/\/www.icscyl.com\/mileon\/wp-json\/wp\/v2\/media?parent=254"}],"curies":[{"name":"wp","href":"https:\/\/api.w.org\/{rel}","templated":true}]}}