{"id":1125,"date":"2010-10-24T12:25:11","date_gmt":"2010-10-24T10:25:11","guid":{"rendered":"https:\/\/www.icscyl.com\/mileon\/"},"modified":"2019-07-30T13:50:08","modified_gmt":"2019-07-30T11:50:08","slug":"bienvenida","status":"publish","type":"page","link":"https:\/\/www.icscyl.com\/mileon\/bienvenida\/","title":{"rendered":"Bienvenida"},"content":{"rendered":"<p><a href=\"https:\/\/mileon.files.wordpress.com\/2010\/10\/internet.jpg\"><img loading=\"lazy\" decoding=\"async\" class=\"alignright  wp-image-1126\" title=\"internet\" alt=\"\" src=\"https:\/\/mileon.files.wordpress.com\/2010\/10\/internet.jpg\" width=\"115\" height=\"115\" \/><\/a><\/p>\n<p>Estimados compa\u00f1eros y visitantes:<\/p>\n<p>Os damos la bienvenida al blog del Servicio de Medicina Interna del Complejo Asistencial Universitario de Le\u00f3n. Este blog, en principio, se dise\u00f1\u00f3 como \u00abtabl\u00f3n de anuncios\u00bb digital de nuestro servicio, en el que publicar todas las noticias que nos son relevantes: avisos, convocatorias, sesiones cl\u00ednicas, comunicaciones a congresos y otras&#8230; Con el tiempo han ido aumentando y mejorando los contenidos, se han introducido enlaces a documentos relevantes para los especialistas en medicina interna (revisiones cr\u00edticas, gu\u00edas cl\u00ednicas, documentos de consenso, etc) y, en consecuencia, ha aumentado el n\u00famero de visitas.<\/p>\n<p>El inter\u00e9s de un blog viene condicionado no s\u00f3lo por la informaci\u00f3n que almacena, sino, sobre todo, por la actualizaci\u00f3n frecuente de temas de inter\u00e9s. Gracias a las aportaciones de los residentes y m\u00e9dicos especialistas del servicio, con sus casos cl\u00ednicos y revisiones y, especialmente, al buen trabajo de nuestro webmaster (Dr Muela) y colaboradores (Drs Mor\u00e1n y Guerra), el blog se ha convertido en un buen archivador con muchos cajones, bien etiquetados, que re\u00fane informaci\u00f3n muy valiosa para nuestro servicio. Es ya una herramienta indispensable para todos nosotros y aspiramos a que despierte curiosidad creciente entre la comunidad de internistas.<\/p>\n<p>Jos\u00e9 Luis Mostaza Fern\u00e1ndez<\/p>\n<p>Jefe del Servicio<\/p>\n<p>&nbsp;<\/p>\n<p>&nbsp;<\/p>\n<p>El inicio de Internet tuvo lugar a ra\u00edz del lanzamiento del Sputnik por le Uni\u00f3n Sovi\u00e9tica en 1957. Entonces el Departamento de Defensa de los Estados Unidos creo el ARPA (Agencia para proyectos de investigaci\u00f3n avanzada) con objeto de controlar el avance en el \u00e1rea de la ciencia y tecnolog\u00eda aplicadas a las fuerzas armadas<\/p>\n<p>Una rama del ARPA fue la IPTO (Oficina para las tecnolog\u00eda de la informaci\u00f3n) que propuls\u00f3 la mejor\u00eda en el manejo de las computadoras que inicialmente eran enormes aparatos y muy costosos.\u00a0Urg\u00eda disponer de utensilios m\u00e1s sencillos y que fueran capaces de interconectarse. Con esta idea Robert Taylor en 1966, director de la IPTO, basado en las ideas publicadas por Joseph Carl Robnett en un art\u00edculo titulado \u201cMan Computer Symbions\u201d consigui\u00f3 que investigadores lugares pudieran compartir resultados\u00a0 con facilidad. De este modo partiendo de un n\u00famero limitado de computadores pod\u00edan conectarse un n\u00famero ilimitado de servidores.<\/p>\n<p>Despu\u00e9s de conseguir la uniformidad en las normas para el funcionamiento de las computadoras, en 1969 el ARPAnet fue aprobado ,constituyendo el antecesor de los que hoy conocemos con INTERNET.\u00a0El comienzo de Internet tuvo lugar al interconectarse los ordenadores de cuatro centros\u00a0 de los Estados Unidos en California y Utah. En 1983 la parte de la red vinculada al Departamento de Defensa\u00a0 constituy\u00e9ndose MILNET hecho como referencia para el nacimiento de INTERNET.<\/p>\n<p>Las funciones de ARPANET absorbidas por Internet en 1990 y de modo inmediato fueron aumentando el n\u00famero de usuarios y as\u00ed en Espa\u00f1a exist\u00edan 79.266 usuarios conectados. Desde 1983 hasta la actualidad el crecimiento de Internet ha sido exponencial y en la actualidad se ha cifrado en dos mil millones el n\u00famero de usuarios<\/p>\n<p>Internet constituye uno de los descubrimientos\u00a0 m\u00e1s importantes de la imaginaci\u00f3n humana que nos trasporta a los cuentos m\u00e1s fantasiosos Como en las mil una noche se relata que una sola palabra \u201cclave\u201d (\u00e1brete s\u00e9samo) era capaz de abrir la puerta de acceso a la cueva del tesoro. En Internet cumplimentar la \u201cClave\u201d nos encauza hac\u00eda el conocimiento y la \u201dcontrase\u00f1a\u201d nos abre la puerta del tesoro tan r\u00e1pido como lo hac\u00eda Ali Baba y Los cuarenta ladrones. As\u00ed las p\u00e1ginas Web permiten introducirnos en esa aventura sin l\u00edmites, inabordable\u00a0 de la ciencia.<\/p>\n<p><img loading=\"lazy\" decoding=\"async\" class=\"alignright  wp-image-1128\" title=\"1279448651_0\" alt=\"\" src=\"https:\/\/mileon.files.wordpress.com\/2010\/10\/1279448651_0.jpg?w=300\" width=\"144\" height=\"95\" \/><\/p>\n<p>La Medicina es hoy probablemente, la profesi\u00f3n que m\u00e1s exige una actualizaci\u00f3n permanente de conocimientos porque as\u00ed lo demanda la mejor atenci\u00f3n al paciente. Por eso hace ya cuatro a\u00f1os se inici\u00f3 en nuestro Servicio de Medicina Interna un p\u00e1gina Web como v\u00eda de comunicaci\u00f3n con otras redes lo que nos permite dar a conocer lo que somos y nuestra actividad cl\u00ednica, docente e investigadora.\u00a0 A lo largo de estos a\u00f1os hemos avanzado no solo comunicando nuestra productividad sino tambi\u00e9n consiguiendo hasta superar los 400.000 visitantes hasta septiembre.<\/p>\n<p>Todo esto debe animarnos a proseguir en esta l\u00ednea que debe constituir un est\u00edmulo para el desarrollo de cuantas unidades est\u00e1n establecidas en el Servicio, instando a cada uno de los m\u00e9dicos\u00a0 que configuran el Servicio a la m\u00e1s entusiasta colaboraci\u00f3n para que esta p\u00e1gina web sea la se\u00f1a de identidad de nuestro quehacer m\u00e9dico.<\/p>\n<p>Dr. Manuel Mu\u00f1oz Rodr\u00edguez<\/p>\n","protected":false},"excerpt":{"rendered":"<p>Estimados compa\u00f1eros y visitantes: Os damos la bienvenida al blog del Servicio de Medicina Interna del Complejo Asistencial Universitario de Le\u00f3n. Este blog, en principio, se dise\u00f1\u00f3 como \u00abtabl\u00f3n de anuncios\u00bb digital de nuestro servicio, en el que publicar todas las noticias que nos son relevantes: avisos, convocatorias, sesiones cl\u00ednicas, comunicaciones a congresos y otras&#8230; [&hellip;]<\/p>\n","protected":false},"author":4,"featured_media":0,"parent":0,"menu_order":0,"comment_status":"open","ping_status":"open","template":"","meta":{"jetpack_post_was_ever_published":false,"footnotes":""},"class_list":["post-1125","page","type-page","status-publish","hentry"],"jetpack_sharing_enabled":true,"post_mailing_queue_ids":[],"_links":{"self":[{"href":"https:\/\/www.icscyl.com\/mileon\/wp-json\/wp\/v2\/pages\/1125","targetHints":{"allow":["GET"]}}],"collection":[{"href":"https:\/\/www.icscyl.com\/mileon\/wp-json\/wp\/v2\/pages"}],"about":[{"href":"https:\/\/www.icscyl.com\/mileon\/wp-json\/wp\/v2\/types\/page"}],"author":[{"embeddable":true,"href":"https:\/\/www.icscyl.com\/mileon\/wp-json\/wp\/v2\/users\/4"}],"replies":[{"embeddable":true,"href":"https:\/\/www.icscyl.com\/mileon\/wp-json\/wp\/v2\/comments?post=1125"}],"version-history":[{"count":0,"href":"https:\/\/www.icscyl.com\/mileon\/wp-json\/wp\/v2\/pages\/1125\/revisions"}],"wp:attachment":[{"href":"https:\/\/www.icscyl.com\/mileon\/wp-json\/wp\/v2\/media?parent=1125"}],"curies":[{"name":"wp","href":"https:\/\/api.w.org\/{rel}","templated":true}]}}